	{"id":1582,"date":"2025-12-12T11:14:24","date_gmt":"2025-12-12T11:14:24","guid":{"rendered":"https:\/\/r-aqua.be\/produits\/zwembadwarmtepomp\/"},"modified":"2026-01-05T15:07:31","modified_gmt":"2026-01-05T15:07:31","slug":"pompe-a-chaleur-piscine","status":"publish","type":"page","link":"https:\/\/r-aqua.be\/fr\/produits\/pompe-a-chaleur-piscine\/","title":{"rendered":"Pompe \u00e0 chaleur piscine"},"content":{"rendered":"<div class=\"et_pb_section_0 et_pb_section et_section_regular et_flex_section\">\n<div class=\"et_pb_row_0 et_pb_row et_flex_row\">\n<div class=\"et_pb_column_0 et_pb_column et-last-child et_flex_column et_pb_css_mix_blend_mode_passthrough et_flex_column_24_24 et_flex_column_24_24_tablet et_flex_column_24_24_phone\">\n<div class=\"et_pb_module et_pb_button_module_wrapper et_pb_button_0_wrapper\"><a class=\"et_pb_button_0 et_pb_button et_pb_bg_layout_light et_pb_module et_block_module\" href=\"\/fr\/contact\/\">devis gratuit<\/a><\/div>\n<\/div>\n<\/div>\n<\/div>\n\n<div class=\"et_pb_section_1 et_pb_section et_section_regular et_flex_section\">\n<div class=\"et_pb_row_1 et_pb_row et_flex_row\">\n<div class=\"et_pb_column_1 et_pb_column et-last-child et_flex_column et_pb_css_mix_blend_mode_passthrough et_flex_column_24_24 et_flex_column_24_24_tablet et_flex_column_24_24_phone\">\n<div class=\"et_pb_text_0 et_pb_text et_pb_bg_layout_light et_pb_module et_block_module\"><div class=\"et_pb_text_inner\"><h1>Un plaisir de baignade maximal, une consommation d'\u00e9nergie minimale<\/h1>\n<p>Qu'il fasse beau ou mauvais temps, les pompes \u00e0 chaleur pour piscine R-AQUA maintiennent votre piscine \u00e0 la bonne temp\u00e9rature. Gr\u00e2ce \u00e0 leur technologie intelligente, vous profitez plus longtemps de votre piscine sans que votre facture d'\u00e9nergie ne grimpe en fl\u00e8che. Ces syst\u00e8mes pratiques garantissent un plaisir de baignade maximal avec un impact minimal et s'adaptent \u00e0 tous les types de piscines. Avec R-AQUA, vous profitez de votre piscine en toute s\u00e9r\u00e9nit\u00e9, quand vous le souhaitez !<\/p>\n<\/div><\/div>\n<\/div>\n<\/div>\n<\/div>\n\n<div class=\"et_pb_section_2 et_pb_section et_section_regular et_flex_section\">\n<div class=\"et_pb_row_2 et_pb_row et_flex_row\">\n<div class=\"et_pb_column_2 et_pb_column et-last-child et_flex_column et_pb_css_mix_blend_mode_passthrough et_flex_column_24_24 et_flex_column_24_24_tablet et_flex_column_24_24_phone\">\n<div class=\"et_pb_row_3 et_pb_row et_pb_row_nested et_flex_row\">\n<div class=\"et_pb_column_3 et_pb_column et_flex_column et_pb_css_mix_blend_mode_passthrough et_flex_column_8_24 et_flex_column_8_24_tablet et_flex_column_24_24_phone\">\n<div class=\"et_pb_blurb_0 et_pb_blurb et_pb_bg_layout_light et_pb_text_align_center et_pb_blurb_position_top et_animated et_pb_module et_block_module\"><div class=\"et_pb_blurb_content\"><div class=\"et_pb_main_blurb_image\"><span class=\"et_pb_image_wrap et_pb_only_image_mode_wrap\"><img loading=\"lazy\" decoding=\"async\" src=\"https:\/\/r-aqua.be\/wp-content\/uploads\/sites\/38\/2025\/12\/PICTO-COMPACT-SHP-C.png\" width=\"150\" height=\"150\" srcset=\"https:\/\/r-aqua.be\/wp-content\/uploads\/sites\/38\/2025\/12\/PICTO-COMPACT-SHP-C.png 150w\" sizes=\"(max-width: 150px) 100vw, 150px\" class=\"wp-image-1424\" title=\"PICTO COMPACT SHP-C\" \/><\/span><\/div><div class=\"et_pb_blurb_container\"><h4 class=\"et_pb_module_header\">Compact<\/h4><div class=\"et_pb_blurb_description\"><p>Tous les composants sont int\u00e9gr\u00e9s dans un seul appareil compact. Pas besoin de raccordements complexes.<\/p>\n<\/div><\/div><\/div><\/div>\n<\/div>\n\n<div class=\"et_pb_column_4 et_pb_column et_flex_column et_pb_css_mix_blend_mode_passthrough et_flex_column_8_24 et_flex_column_8_24_tablet et_flex_column_24_24_phone\">\n<div class=\"et_pb_blurb_1 et_pb_blurb et_pb_bg_layout_light et_pb_blurb_position_top et_animated et_pb_module et_block_module\"><div class=\"et_pb_blurb_content\"><div class=\"et_pb_main_blurb_image\"><span class=\"et_pb_image_wrap et_pb_only_image_mode_wrap\"><img loading=\"lazy\" decoding=\"async\" src=\"https:\/\/r-aqua.be\/wp-content\/uploads\/sites\/38\/2025\/12\/SHP-C-PICTO-WATER.png\" width=\"150\" height=\"150\" srcset=\"https:\/\/r-aqua.be\/wp-content\/uploads\/sites\/38\/2025\/12\/SHP-C-PICTO-WATER.png 150w\" sizes=\"(max-width: 150px) 100vw, 150px\" class=\"wp-image-1425\" title=\"SHP-C PICTO WATER\" \/><\/span><\/div><div class=\"et_pb_blurb_container\"><h4 class=\"et_pb_module_header\">tout type d'eau de piscine<\/h4><div class=\"et_pb_blurb_description\"><p>Convient pour une utilisation avec de l'eau sal\u00e9e ou chlor\u00e9e.<\/p>\n<\/div><\/div><\/div><\/div>\n<\/div>\n\n<div class=\"et_pb_column_5 et_pb_column et-last-child et_flex_column et_pb_css_mix_blend_mode_passthrough et_flex_column_8_24 et_flex_column_8_24_tablet et_flex_column_24_24_phone\">\n<div class=\"et_pb_blurb_2 et_pb_blurb et_pb_bg_layout_light et_pb_blurb_position_top et_animated et_pb_module et_block_module\"><div class=\"et_pb_blurb_content\"><div class=\"et_pb_main_blurb_image\"><span class=\"et_pb_image_wrap et_pb_only_image_mode_wrap\"><img loading=\"lazy\" decoding=\"async\" src=\"https:\/\/r-aqua.be\/wp-content\/uploads\/sites\/38\/2025\/12\/PICTO-SMART.png\" width=\"825\" height=\"826\" srcset=\"https:\/\/r-aqua.be\/wp-content\/uploads\/sites\/38\/2025\/12\/PICTO-SMART.png 825w, https:\/\/r-aqua.be\/wp-content\/uploads\/sites\/38\/2025\/12\/PICTO-SMART-480x481.png 480w\" sizes=\"(min-width: 0px) and (max-width: 480px) 480px, (min-width: 481px) 825px, 100vw\" class=\"wp-image-1426\" title=\"PICTO SMART\" \/><\/span><\/div><div class=\"et_pb_blurb_container\"><h4 class=\"et_pb_module_header\">Smart control<\/h4><div class=\"et_pb_blurb_description\"><p>Gr\u00e2ce au module WiFi int\u00e9gr\u00e9, vous pouvez facilement r\u00e9gler la temp\u00e9rature souhait\u00e9e.<\/p>\n<\/div><\/div><\/div><\/div>\n<\/div>\n<\/div>\n<\/div>\n<\/div>\n<\/div>\n\n<div class=\"et_pb_section_3 et_pb_section et_section_regular et_flex_section\">\n<div class=\"et_pb_row_4 et_pb_row et_flex_row\">\n<div class=\"et_pb_column_6 et_pb_column et-last-child et_flex_column et_pb_css_mix_blend_mode_passthrough et_flex_column_24_24 et_flex_column_24_24_tablet et_flex_column_24_24_phone\">\n<div class=\"et_pb_text_1 et_pb_text et_pb_bg_layout_light et_pb_module et_flex_module\"><\/div>\n<\/div>\n<\/div>\n<\/div>\n\n<div class=\"et_pb_section_4 et_pb_section et_section_regular et_flex_section\">\n<div class=\"et_pb_row_5 et_pb_row et_flex_row\">\n<div class=\"et_pb_column_7 et_pb_column et-last-child et_flex_column et_pb_css_mix_blend_mode_passthrough et_flex_column_24_24 et_flex_column_24_24_tablet et_flex_column_24_24_phone casestudy-slider-col\">\n<div class=\"et_pb_icon_0 et_pb_icon et_pb_module et_block_module prev\"><span class=\"et_pb_icon_wrap\"><\/span><\/div>\n\n<div class=\"et_pb_icon_1 et_pb_icon et_pb_module et_block_module next\"><span class=\"et_pb_icon_wrap\"><\/span><\/div>\n<\/div>\n<\/div>\n\n<div class=\"et_pb_row_6 et_pb_row et_flex_row\">\n<div class=\"et_pb_column_8 et_pb_column et-last-child et_flex_column et_pb_css_mix_blend_mode_passthrough et_flex_column_24_24 et_flex_column_24_24_tablet et_flex_column_24_24_phone\">\n<div class=\"et_pb_text_2 et_pb_text et_pb_bg_layout_light et_pb_module et_flex_module\"><div class=\"et_pb_text_inner\"><h2>Comment \u00e7a marche ?<\/h2>\n<\/div><\/div>\n\n<div class=\"et_pb_text_3 et_pb_text et_pb_bg_layout_light et_pb_module et_block_module\"><div class=\"et_pb_text_inner\"><p>Une pompe \u00e0 chaleur pour piscine fonctionne comme un r\u00e9frig\u00e9rateur invers\u00e9 : au lieu d'extraire la chaleur, elle puise gratuitement 80 % de l'\u00e9nergie n\u00e9cessaire dans l'air ext\u00e9rieur et la transf\u00e8re \u00e0 l'eau de votre piscine via un \u00e9changeur de chaleur. L'eau refroidie retourne \u00e0 la pompe \u00e0 chaleur et tout le processus recommence.<\/p>\n<p>Qu'est-ce qui rend nos pompes \u00e0 chaleur si intelligentes ? Pour chaque euro que vous d\u00e9pensez en \u00e9lectricit\u00e9, vous r\u00e9cup\u00e9rez pas moins de 5 \u00e0 15 euros en chaleur ! Le r\u00e9sultat ? Une piscine d\u00e9licieusement chaude, d'avril \u00e0 octobre, avec une consommation d'\u00e9nergie minimale !<\/p>\n<\/div><\/div>\n\n<div class=\"et_pb_image_0 et_pb_image et_pb_module et_flex_module\"><span class=\"et_pb_image_wrap\"><img loading=\"lazy\" decoding=\"async\" src=\"https:\/\/r-aqua.be\/wp-content\/uploads\/sites\/38\/2025\/12\/SPH-C-outside.jpg\" title=\"SPH-C outside\" width=\"1800\" height=\"751\" srcset=\"https:\/\/r-aqua.be\/wp-content\/uploads\/sites\/38\/2025\/12\/SPH-C-outside.jpg 1800w, https:\/\/r-aqua.be\/wp-content\/uploads\/sites\/38\/2025\/12\/SPH-C-outside-1280x534.jpg 1280w, https:\/\/r-aqua.be\/wp-content\/uploads\/sites\/38\/2025\/12\/SPH-C-outside-980x409.jpg 980w, https:\/\/r-aqua.be\/wp-content\/uploads\/sites\/38\/2025\/12\/SPH-C-outside-480x200.jpg 480w\" sizes=\"(min-width: 0px) and (max-width: 480px) 480px, (min-width: 481px) and (max-width: 980px) 980px, (min-width: 981px) and (max-width: 1280px) 1280px, (min-width: 1281px) 1800px, 100vw\" class=\"wp-image-1430\" \/><\/span><\/div>\n<\/div>\n<\/div>\n<\/div>\n\n<div class=\"et_pb_section_5 et_pb_section et_section_regular et_flex_section\">\n<div class=\"et_pb_row_7 et_pb_row et_flex_row\">\n<div class=\"et_pb_column_9 et_pb_column et_flex_column et_pb_css_mix_blend_mode_passthrough et_flex_column_6_24 et_flex_column_12_24_tablet et_flex_column_24_24_phone\">\n<div class=\"et_pb_group_0 et_pb_group et-last-child et_pb_module et_flex_group et_pb_css_mix_blend_mode_passthrough\">\n<div class=\"et_pb_text_4 et_pb_text et_pb_bg_layout_light et_pb_module et_block_module\"><div class=\"et_pb_text_inner\"><h4>Chauffage et eau chaude ?<\/h4>\n<\/div><\/div>\n\n<div class=\"et_pb_text_5 et_pb_text et_pb_bg_layout_light et_pb_module et_block_module\"><div class=\"et_pb_text_inner\"><p>\u00c0 la recherche d'une solution compl\u00e8te pour le chauffage et l'eau chaude sanitaire ? D\u00e9couvrez les pompes \u00e0 chaleur R-AQUA. Chauffage durable sans combustibles fossiles, avec jusqu'\u00e0 75 % d'\u00e9missions de CO2 en moins.<\/p>\n<p><u>En savoir plus \u2026<\/u><\/p>\n<\/div><\/div>\n<\/div>\n<\/div>\n\n<div class=\"et_pb_column_10 et_pb_column et_flex_column et_pb_css_mix_blend_mode_passthrough et_flex_column_6_24 et_flex_column_12_24_tablet et_flex_column_24_24_phone\">\n<div class=\"et_pb_group_1 et_pb_group et-last-child et_pb_module et_flex_group et_pb_css_mix_blend_mode_passthrough et_clickable\">\n<div class=\"et_pb_text_6 et_pb_text et_pb_bg_layout_light et_pb_module et_block_module\"><div class=\"et_pb_text_inner\"><h4>L'eau chaude r\u00e9invent\u00e9e<\/h4>\n<\/div><\/div>\n\n<div class=\"et_pb_text_7 et_pb_text et_pb_bg_layout_light et_pb_module et_block_module\"><div class=\"et_pb_text_inner\"><p>Gr\u00e2ce \u00e0 notre gamme innovante de chauffe-eau thermodynamiques, vous n'avez plus besoin de vous soucier de l'eau chaude, R-AQUA s'en charge pour vous !<\/p>\n<p><u>En savoir plus \u2026<\/u><\/p>\n<\/div><\/div>\n<\/div>\n<\/div>\n\n<div class=\"et_pb_column_11 et_pb_column et_flex_column et_pb_css_mix_blend_mode_passthrough et_flex_column_6_24 et_flex_column_12_24_tablet et_flex_column_24_24_phone\">\n<div class=\"et_pb_group_2 et_pb_group et-last-child et_pb_module et_flex_group et_pb_css_mix_blend_mode_passthrough et_clickable\">\n<div class=\"et_pb_text_8 et_pb_text et_pb_bg_layout_light et_pb_module et_block_module\"><div class=\"et_pb_text_inner\"><h4>Vous souhaitez \u00e9galement climatiser ?<\/h4>\n<\/div><\/div>\n\n<div class=\"et_pb_text_9 et_pb_text et_pb_bg_layout_light et_pb_module et_block_module\"><div class=\"et_pb_text_inner\"><p>Avec un rapport qualit\u00e9-prix exceptionnel, les climatiseurs et les pompes \u00e0 chaleur air-air de R-4LIVING offrent les m\u00eames technologies avanc\u00e9es que les grandes marques. Un compl\u00e9ment id\u00e9al \u00e0 votre installation R-AQUA. <\/p>\n<p><u>En savoir plus \u2026<\/u><\/p>\n<\/div><\/div>\n<\/div>\n<\/div>\n\n<div class=\"et_pb_column_12 et_pb_column et-last-child et_flex_column et_pb_css_mix_blend_mode_passthrough et_flex_column_6_24 et_flex_column_12_24_tablet et_flex_column_24_24_phone\">\n<div class=\"et_pb_group_3 et_pb_group et-last-child et_pb_module et_flex_group et_pb_css_mix_blend_mode_passthrough et_clickable\">\n<div class=\"et_pb_text_10 et_pb_text et_pb_bg_layout_light et_pb_module et_block_module\"><div class=\"et_pb_text_inner\"><h4>Vous ne savez pas quelle solution vous convient le mieux ?<\/h4>\n<\/div><\/div>\n\n<div class=\"et_pb_text_11 et_pb_text et_pb_bg_layout_light et_pb_module et_block_module\"><div class=\"et_pb_text_inner\"><p>Nos experts se feront un plaisir de vous conseiller sur la solution climatique id\u00e9ale pour votre habitation ou votre entreprise. Enti\u00e8rement gratuit et sans engagement. <\/p>\n<p><span style=\"text-decoration: underline;\">En savoir plus ...<\/span><\/p>\n<\/div><\/div>\n<\/div>\n<\/div>\n<\/div>\n<\/div>\n\n<div class=\"et_pb_section_6 et_pb_section et_section_regular et_flex_section\">\n<div class=\"et_pb_row_8 et_pb_row et_flex_row\">\n<div class=\"et_pb_column_13 et_pb_column et-last-child et_flex_column et_pb_css_mix_blend_mode_passthrough et_flex_column_24_24 et_flex_column_24_24_tablet et_flex_column_24_24_phone\">\n<div class=\"et_pb_text_12 et_pb_text et_pb_bg_layout_light et_pb_module et_block_module\"><div class=\"et_pb_text_inner\" data-et-mv-hidden-phone=\"true\"><h2>Questions fr\u00e9quemment pos\u00e9es<\/h2>\n<\/div><\/div>\n\n<div class=\"et_pb_toggle_0 et_pb_toggle et_pb_toggle_item et_pb_toggle_close et_pb_module et_flex_module\"><h4 class=\"et_pb_toggle_title\">Quelle puissance de pompe \u00e0 chaleur pour piscine me faut-il ?<\/h4><div class=\"et_pb_toggle_content clearfix et_flex_module\"><p>Cela d\u00e9pend du volume de votre piscine :<\/p>\n<p>SPH-C010 : 20-45 m\u00b3<br \/>SPH-C013 : 35-60 m\u00b3<br \/>SPH-C017 : 40-75 m\u00b3<br \/>SPH-C021 : 50-95 m\u00b3<br \/>SPH-C028 : 60-120 m\u00b3<\/p>\n<p>D'autres facteurs jouent \u00e9galement un r\u00f4le :<\/p>\n<ul>\n<li>Piscine couverte ou d\u00e9couverte<\/li>\n<li>Utilisation d'une b\u00e2che de piscine<\/li>\n<li>Temp\u00e9rature de l'eau souhait\u00e9e<\/li>\n<li>Climat dans votre r\u00e9gion<\/li>\n<\/ul>\n<p>Un installateur agr\u00e9\u00e9 se fera un plaisir de vous aider \u00e0 d\u00e9terminer la puissance ad\u00e9quate.<\/p>\n<\/div><\/div>\n\n<div class=\"et_pb_toggle_1 et_pb_toggle et_pb_toggle_item et_pb_toggle_close et_pb_module et_flex_module\"><h4 class=\"et_pb_toggle_title\">Combien de temps faut-il pour chauffer ma piscine ?<\/h4><div class=\"et_pb_toggle_content clearfix et_flex_module\"><p>Cela d\u00e9pend de plusieurs facteurs :<\/p>\n<ul>\n<li>Temp\u00e9rature actuelle de l'eau<\/li>\n<li>Temp\u00e9rature souhait\u00e9e<\/li>\n<li>Contenance de votre piscine<\/li>\n<li>Puissance de la pompe \u00e0 chaleur<\/li>\n<li>Temp\u00e9rature ext\u00e9rieure<\/li>\n<\/ul>\n<p><strong>Valeur indicative :<\/strong><\/p>\n<p>Avec une SPH-C017, il faut environ 24 \u00e0 48 heures pour chauffer une piscine de 40 m\u00b3 de 15 \u00b0C \u00e0 28 \u00b0C, en fonction de la temp\u00e9rature ext\u00e9rieure.<\/p>\n<p><strong>Conseil<\/strong> : commencez \u00e0 chauffer votre piscine en d\u00e9but de saison et maintenez-la \u00e0 temp\u00e9rature \u00e0 l'aide d'une b\u00e2che. Vous \u00e9conomiserez ainsi de l'\u00e9nergie et pourrez profiter plus rapidement de votre piscine !<\/p>\n<\/div><\/div>\n\n<div class=\"et_pb_toggle_2 et_pb_toggle et_pb_toggle_item et_pb_toggle_close et_pb_module et_flex_module\"><h4 class=\"et_pb_toggle_title\">Puis-je utiliser une pompe \u00e0 chaleur pour piscine avec \u00e9lectrolyse au sel ?<\/h4><div class=\"et_pb_toggle_content clearfix et_flex_module\"><p><span>Oui ! Toutes les pompes \u00e0 chaleur pour piscine R-AQUA (s\u00e9rie SPH-C) sont \u00e9quip\u00e9es d'un \u00e9changeur thermique en titane. Celui-ci r\u00e9siste \u00e0 la fois au chlore et au sel, ce qui vous permet de profiter pleinement de votre piscine, quel que soit le type de traitement de l'eau utilis\u00e9.  <\/span><\/p>\n<\/div><\/div>\n<\/div>\n<\/div>\n<\/div>","protected":false},"excerpt":{"rendered":"","protected":false},"author":31,"featured_media":0,"parent":1410,"menu_order":0,"comment_status":"closed","ping_status":"closed","template":"","meta":{"_acf_changed":false,"footnotes":""},"class_list":["post-1582","page","type-page","status-publish","hentry"],"acf":[],"yoast_head":"<!-- This site is optimized with the Yoast SEO plugin v27.3 - https:\/\/yoast.com\/product\/yoast-seo-wordpress\/ -->\n<title>Pompe \u00e0 chaleur piscine - R-AQUA<\/title>\n<meta name=\"robots\" content=\"index, follow, max-snippet:-1, max-image-preview:large, max-video-preview:-1\" \/>\n<link rel=\"canonical\" href=\"https:\/\/r-aqua.be\/producten\/zwembadwarmtepomp\/\" \/>\n<meta property=\"og:locale\" content=\"fr_FR\" \/>\n<meta property=\"og:type\" content=\"article\" \/>\n<meta property=\"og:title\" content=\"Pompe \u00e0 chaleur piscine - R-AQUA\" \/>\n<meta property=\"og:url\" content=\"https:\/\/r-aqua.be\/producten\/zwembadwarmtepomp\/\" \/>\n<meta property=\"og:site_name\" content=\"R-AQUA\" \/>\n<meta property=\"article:modified_time\" content=\"2026-01-05T15:07:31+00:00\" \/>\n<meta name=\"twitter:card\" content=\"summary_large_image\" \/>\n<script type=\"application\/ld+json\" class=\"yoast-schema-graph\">{\"@context\":\"https:\\\/\\\/schema.org\",\"@graph\":[{\"@type\":\"WebPage\",\"@id\":\"https:\\\/\\\/r-aqua.be\\\/producten\\\/zwembadwarmtepomp\\\/\",\"url\":\"https:\\\/\\\/r-aqua.be\\\/producten\\\/zwembadwarmtepomp\\\/\",\"name\":\"Pompe \u00e0 chaleur piscine - R-AQUA\",\"isPartOf\":{\"@id\":\"https:\\\/\\\/r-aqua.be\\\/#website\"},\"datePublished\":\"2025-12-12T11:14:24+00:00\",\"dateModified\":\"2026-01-05T15:07:31+00:00\",\"breadcrumb\":{\"@id\":\"https:\\\/\\\/r-aqua.be\\\/producten\\\/zwembadwarmtepomp\\\/#breadcrumb\"},\"inLanguage\":\"fr-FR\",\"potentialAction\":[{\"@type\":\"ReadAction\",\"target\":[\"https:\\\/\\\/r-aqua.be\\\/producten\\\/zwembadwarmtepomp\\\/\"]}]},{\"@type\":\"BreadcrumbList\",\"@id\":\"https:\\\/\\\/r-aqua.be\\\/producten\\\/zwembadwarmtepomp\\\/#breadcrumb\",\"itemListElement\":[{\"@type\":\"ListItem\",\"position\":1,\"name\":\"Home\",\"item\":\"https:\\\/\\\/r-aqua.be\\\/fr\\\/\"},{\"@type\":\"ListItem\",\"position\":2,\"name\":\"Produits\",\"item\":\"https:\\\/\\\/r-aqua.be\\\/fr\\\/produits\\\/\"},{\"@type\":\"ListItem\",\"position\":3,\"name\":\"Pompe \u00e0 chaleur piscine\"}]},{\"@type\":\"WebSite\",\"@id\":\"https:\\\/\\\/r-aqua.be\\\/#website\",\"url\":\"https:\\\/\\\/r-aqua.be\\\/\",\"name\":\"R-AQUA\",\"description\":\"Airvance Solutions\",\"potentialAction\":[{\"@type\":\"SearchAction\",\"target\":{\"@type\":\"EntryPoint\",\"urlTemplate\":\"https:\\\/\\\/r-aqua.be\\\/?s={search_term_string}\"},\"query-input\":{\"@type\":\"PropertyValueSpecification\",\"valueRequired\":true,\"valueName\":\"search_term_string\"}}],\"inLanguage\":\"fr-FR\"}]}<\/script>\n<!-- \/ Yoast SEO plugin. -->","yoast_head_json":{"title":"Pompe \u00e0 chaleur piscine - R-AQUA","robots":{"index":"index","follow":"follow","max-snippet":"max-snippet:-1","max-image-preview":"max-image-preview:large","max-video-preview":"max-video-preview:-1"},"canonical":"https:\/\/r-aqua.be\/producten\/zwembadwarmtepomp\/","og_locale":"fr_FR","og_type":"article","og_title":"Pompe \u00e0 chaleur piscine - R-AQUA","og_url":"https:\/\/r-aqua.be\/producten\/zwembadwarmtepomp\/","og_site_name":"R-AQUA","article_modified_time":"2026-01-05T15:07:31+00:00","twitter_card":"summary_large_image","schema":{"@context":"https:\/\/schema.org","@graph":[{"@type":"WebPage","@id":"https:\/\/r-aqua.be\/producten\/zwembadwarmtepomp\/","url":"https:\/\/r-aqua.be\/producten\/zwembadwarmtepomp\/","name":"Pompe \u00e0 chaleur piscine - R-AQUA","isPartOf":{"@id":"https:\/\/r-aqua.be\/#website"},"datePublished":"2025-12-12T11:14:24+00:00","dateModified":"2026-01-05T15:07:31+00:00","breadcrumb":{"@id":"https:\/\/r-aqua.be\/producten\/zwembadwarmtepomp\/#breadcrumb"},"inLanguage":"fr-FR","potentialAction":[{"@type":"ReadAction","target":["https:\/\/r-aqua.be\/producten\/zwembadwarmtepomp\/"]}]},{"@type":"BreadcrumbList","@id":"https:\/\/r-aqua.be\/producten\/zwembadwarmtepomp\/#breadcrumb","itemListElement":[{"@type":"ListItem","position":1,"name":"Home","item":"https:\/\/r-aqua.be\/fr\/"},{"@type":"ListItem","position":2,"name":"Produits","item":"https:\/\/r-aqua.be\/fr\/produits\/"},{"@type":"ListItem","position":3,"name":"Pompe \u00e0 chaleur piscine"}]},{"@type":"WebSite","@id":"https:\/\/r-aqua.be\/#website","url":"https:\/\/r-aqua.be\/","name":"R-AQUA","description":"Airvance Solutions","potentialAction":[{"@type":"SearchAction","target":{"@type":"EntryPoint","urlTemplate":"https:\/\/r-aqua.be\/?s={search_term_string}"},"query-input":{"@type":"PropertyValueSpecification","valueRequired":true,"valueName":"search_term_string"}}],"inLanguage":"fr-FR"}]}},"_links":{"self":[{"href":"https:\/\/r-aqua.be\/fr\/wp-json\/wp\/v2\/pages\/1582","targetHints":{"allow":["GET"]}}],"collection":[{"href":"https:\/\/r-aqua.be\/fr\/wp-json\/wp\/v2\/pages"}],"about":[{"href":"https:\/\/r-aqua.be\/fr\/wp-json\/wp\/v2\/types\/page"}],"author":[{"embeddable":true,"href":"https:\/\/r-aqua.be\/fr\/wp-json\/wp\/v2\/users\/31"}],"replies":[{"embeddable":true,"href":"https:\/\/r-aqua.be\/fr\/wp-json\/wp\/v2\/comments?post=1582"}],"version-history":[{"count":11,"href":"https:\/\/r-aqua.be\/fr\/wp-json\/wp\/v2\/pages\/1582\/revisions"}],"predecessor-version":[{"id":1689,"href":"https:\/\/r-aqua.be\/fr\/wp-json\/wp\/v2\/pages\/1582\/revisions\/1689"}],"up":[{"embeddable":true,"href":"https:\/\/r-aqua.be\/fr\/wp-json\/wp\/v2\/pages\/1410"}],"wp:attachment":[{"href":"https:\/\/r-aqua.be\/fr\/wp-json\/wp\/v2\/media?parent=1582"}],"curies":[{"name":"wp","href":"https:\/\/api.w.org\/{rel}","templated":true}]}}