	{"id":1418,"date":"2025-12-02T16:52:29","date_gmt":"2025-12-02T16:52:29","guid":{"rendered":"https:\/\/r-aqua.be\/applications\/maisons\/"},"modified":"2026-01-05T15:08:01","modified_gmt":"2026-01-05T15:08:01","slug":"maisons","status":"publish","type":"page","link":"https:\/\/r-aqua.be\/fr\/applications\/maisons\/","title":{"rendered":"Maisons"},"content":{"rendered":"<div class=\"et_pb_section_0 et_pb_section et_section_regular et_flex_section\">\n<div class=\"et_pb_row_0 et_pb_row et_flex_row hero-row\">\n<div class=\"et_pb_column_0 et_pb_column et-last-child et_flex_column et_pb_css_mix_blend_mode_passthrough et_flex_column_24_24 et_flex_column_24_24_tablet et_flex_column_24_24_phone\">\n<div class=\"et_pb_text_0 et_pb_text et_pb_bg_layout_dark et_pb_module et_block_module\"><div class=\"et_pb_text_inner\"><nav class=\"eye-breadcrumb\"><\/nav>\n<\/div><\/div>\n\n<div class=\"et_pb_text_1 et_pb_text et_pb_bg_layout_dark et_pb_module et_block_module\"><div class=\"et_pb_text_inner\"><h1>Maisons<\/h1>\n<\/div><\/div>\n<\/div>\n<\/div>\n<\/div>\n\n<div class=\"et_pb_section_1 et_pb_section et_section_regular et_flex_section\">\n<div class=\"et_pb_row_1 et_pb_row et_flex_row\">\n<div class=\"et_pb_column_1 et_pb_column et-last-child et_flex_column et_pb_css_mix_blend_mode_passthrough et_flex_column_24_24 et_flex_column_24_24_tablet et_flex_column_24_24_phone\">\n<div class=\"et_pb_text_2 et_pb_text et_pb_bg_layout_light et_pb_module et_block_module\"><div class=\"et_pb_text_inner\"><h1>Votre logement, pr\u00eat pour l'avenir !<\/h1>\n<\/div><\/div>\n\n<div class=\"et_pb_text_3 et_pb_text et_pb_bg_layout_light et_pb_module et_flex_module\"><div class=\"et_pb_text_inner\"><p>Avec R-AQUA, vous optez pour une solution d'avenir qui s'adapte parfaitement \u00e0 votre situation r\u00e9sidentielle unique. Notre gamme polyvalente offre la solution climatique id\u00e9ale pour chaque habitation et chaque situation, qu'il s'agisse d'une r\u00e9novation ou d'une nouvelle construction. Des pompes \u00e0 chaleur et boiler pompe \u00e0 chaleur \u00e0 faible consommation d'\u00e9nergie au chauffage de piscine, notre gamme est con\u00e7ue pour r\u00e9pondre parfaitement \u00e0 vos besoins sp\u00e9cifiques, sans compromis en mati\u00e8re de confort ou d'efficacit\u00e9.  <\/p>\n<\/div><\/div>\n\n<div class=\"et_pb_heading_0 et_pb_heading et_pb_module et_flex_module\"><div class=\"et_pb_heading_container\"><h1 class=\"et_pb_module_header\">Avec R-AQUA, vous optez pour un confort de vie tout-en-un<\/h1><\/div><\/div>\n\n<div class=\"et_pb_text_4 et_pb_text et_pb_bg_layout_light et_pb_module et_flex_module\"><div class=\"et_pb_text_inner\"><p>La gamme r\u00e9pond sans difficult\u00e9 aux normes \u00e9nerg\u00e9tiques strictes applicables aux nouvelles constructions et offre une solution compl\u00e8te : chauffage en hiver, refroidissement en \u00e9t\u00e9 et eau chaude sanitaire toute l'ann\u00e9e. Tout cela gr\u00e2ce \u00e0 un seul syst\u00e8me polyvalent. Les installations compactes s'int\u00e8grent parfaitement dans votre maison moderne, tout en vous permettant de r\u00e9duire votre facture \u00e9nerg\u00e9tique.  <\/p>\n<\/div><\/div>\n\n<div class=\"et_pb_row_2 et_pb_row et_pb_row_nested et_flex_row\">\n<div class=\"et_pb_column_2 et_pb_column et_flex_column et_pb_css_mix_blend_mode_passthrough et_flex_column_12_24 et_flex_column_12_24_tablet et_flex_column_24_24_phone\">\n<div class=\"et_pb_text_5 et_pb_text et_pb_bg_layout_light et_pb_module et_flex_module\"><div class=\"et_pb_text_inner\"><ul>\n<li><strong>Confort tout-en-un<\/strong> : chauffage et eau chaude sanitaire<\/li>\n<li><strong>Design compact <\/strong>: prend peu de place et laisse plus d'espace pour ce qui compte vraiment<\/li>\n<li><strong>Profitez sans souci<\/strong> : utilisation simple et entretien minimal<\/li>\n<li><strong>Pr\u00eat pour l'avenir<\/strong> : conforme \u00e0 toutes les normes \u00e9nerg\u00e9tiques et respectueux de l'environnement<\/li>\n<\/ul>\n<\/div><\/div>\n<\/div>\n\n<div class=\"et_pb_column_3 et_pb_column et-last-child et_flex_column et_pb_column_empty et_pb_css_mix_blend_mode_passthrough et_flex_column_12_24 et_flex_column_12_24_tablet et_flex_column_24_24_phone\"><\/div>\n<\/div>\n<\/div>\n<\/div>\n<\/div>\n\n<div class=\"et_pb_section_2 et_pb_section et_section_regular et_flex_section\">\n<div class=\"et_pb_row_3 et_pb_row et_flex_row\">\n<div class=\"et_pb_column_4 et_pb_column et-last-child et_flex_column et_pb_css_mix_blend_mode_passthrough et_flex_column_24_24 et_flex_column_24_24_tablet et_flex_column_24_24_phone\">\n<div class=\"et_pb_heading_1 et_pb_heading et_pb_module et_flex_module\"><div class=\"et_pb_heading_container\"><h1 class=\"et_pb_module_header\">R\u00e9novation de logements existants<\/h1><\/div><\/div>\n\n<div class=\"et_pb_text_6 et_pb_text et_pb_bg_layout_light et_pb_module et_flex_module\"><div class=\"et_pb_text_inner\"><p>Votre projet de r\u00e9novation m\u00e9rite un syst\u00e8me de climatisation qui s'adapte \u00e0 votre habitation, et non l'inverse. C'est exactement ce que propose R-AQUA, avec des solutions polyvalentes qui r\u00e9pondent parfaitement aux d\u00e9fis de votre habitation. Les syst\u00e8mes R-aqua sont compatibles avec les syst\u00e8mes existants (radiateurs actuels, chauffage par le sol, etc.) et s'int\u00e8grent donc parfaitement dans votre habitation.  <\/p>\n<\/div><\/div>\n\n<div class=\"et_pb_row_4 et_pb_row et_pb_row_nested et_flex_row\">\n<div class=\"et_pb_column_5 et_pb_column et_flex_column et_pb_css_mix_blend_mode_passthrough et_flex_column_12_24 et_flex_column_12_24_tablet et_flex_column_24_24_phone\">\n<div class=\"et_pb_text_7 et_pb_text et_pb_bg_layout_light et_pb_module et_flex_module\"><div class=\"et_pb_text_inner\"><ul>\n<li><strong>Installation flexible<\/strong> : aucune r\u00e9novation importante n\u00e9cessaire, se raccorde aux conduites existantes<\/li>\n<li><strong>Compatible avec les syst\u00e8mes existants<\/strong> : fonctionne avec vos radiateurs ou votre chauffage au sol actuels<\/li>\n<li><strong>Design compact<\/strong> : confort et encombrement minimal<\/li>\n<li>\u00c9conome en \u00e9nergie : une facture \u00e9nerg\u00e9tique r\u00e9duite, sans compromis sur le confort<\/li>\n<\/ul>\n<\/div><\/div>\n<\/div>\n\n<div class=\"et_pb_column_6 et_pb_column et-last-child et_flex_column et_pb_column_empty et_pb_css_mix_blend_mode_passthrough et_flex_column_12_24 et_flex_column_12_24_tablet et_flex_column_24_24_phone\"><\/div>\n<\/div>\n<\/div>\n<\/div>\n<\/div>","protected":false},"excerpt":{"rendered":"","protected":false},"author":1,"featured_media":0,"parent":1414,"menu_order":0,"comment_status":"closed","ping_status":"closed","template":"","meta":{"_acf_changed":false,"footnotes":""},"class_list":["post-1418","page","type-page","status-publish","hentry"],"acf":[],"yoast_head":"<!-- This site is optimized with the Yoast SEO plugin v27.3 - https:\/\/yoast.com\/product\/yoast-seo-wordpress\/ -->\n<title>Maisons - R-AQUA<\/title>\n<meta name=\"robots\" content=\"index, follow, max-snippet:-1, max-image-preview:large, max-video-preview:-1\" \/>\n<link rel=\"canonical\" href=\"https:\/\/r-aqua.be\/toepassingen\/woningen\/\" \/>\n<meta property=\"og:locale\" content=\"fr_FR\" \/>\n<meta property=\"og:type\" content=\"article\" \/>\n<meta property=\"og:title\" content=\"Maisons - R-AQUA\" \/>\n<meta property=\"og:url\" content=\"https:\/\/r-aqua.be\/toepassingen\/woningen\/\" \/>\n<meta property=\"og:site_name\" content=\"R-AQUA\" \/>\n<meta property=\"article:modified_time\" content=\"2026-01-05T15:08:01+00:00\" \/>\n<meta name=\"twitter:card\" content=\"summary_large_image\" \/>\n<script type=\"application\/ld+json\" class=\"yoast-schema-graph\">{\"@context\":\"https:\\\/\\\/schema.org\",\"@graph\":[{\"@type\":\"WebPage\",\"@id\":\"https:\\\/\\\/r-aqua.be\\\/toepassingen\\\/woningen\\\/\",\"url\":\"https:\\\/\\\/r-aqua.be\\\/toepassingen\\\/woningen\\\/\",\"name\":\"Maisons - R-AQUA\",\"isPartOf\":{\"@id\":\"https:\\\/\\\/r-aqua.be\\\/#website\"},\"datePublished\":\"2025-12-02T16:52:29+00:00\",\"dateModified\":\"2026-01-05T15:08:01+00:00\",\"breadcrumb\":{\"@id\":\"https:\\\/\\\/r-aqua.be\\\/toepassingen\\\/woningen\\\/#breadcrumb\"},\"inLanguage\":\"fr-FR\",\"potentialAction\":[{\"@type\":\"ReadAction\",\"target\":[\"https:\\\/\\\/r-aqua.be\\\/toepassingen\\\/woningen\\\/\"]}]},{\"@type\":\"BreadcrumbList\",\"@id\":\"https:\\\/\\\/r-aqua.be\\\/toepassingen\\\/woningen\\\/#breadcrumb\",\"itemListElement\":[{\"@type\":\"ListItem\",\"position\":1,\"name\":\"Home\",\"item\":\"https:\\\/\\\/r-aqua.be\\\/fr\\\/\"},{\"@type\":\"ListItem\",\"position\":2,\"name\":\"Applications\",\"item\":\"https:\\\/\\\/r-aqua.be\\\/toepassingen\\\/\"},{\"@type\":\"ListItem\",\"position\":3,\"name\":\"Maisons\"}]},{\"@type\":\"WebSite\",\"@id\":\"https:\\\/\\\/r-aqua.be\\\/#website\",\"url\":\"https:\\\/\\\/r-aqua.be\\\/\",\"name\":\"R-AQUA\",\"description\":\"Airvance Solutions\",\"potentialAction\":[{\"@type\":\"SearchAction\",\"target\":{\"@type\":\"EntryPoint\",\"urlTemplate\":\"https:\\\/\\\/r-aqua.be\\\/?s={search_term_string}\"},\"query-input\":{\"@type\":\"PropertyValueSpecification\",\"valueRequired\":true,\"valueName\":\"search_term_string\"}}],\"inLanguage\":\"fr-FR\"}]}<\/script>\n<!-- \/ Yoast SEO plugin. -->","yoast_head_json":{"title":"Maisons - R-AQUA","robots":{"index":"index","follow":"follow","max-snippet":"max-snippet:-1","max-image-preview":"max-image-preview:large","max-video-preview":"max-video-preview:-1"},"canonical":"https:\/\/r-aqua.be\/toepassingen\/woningen\/","og_locale":"fr_FR","og_type":"article","og_title":"Maisons - R-AQUA","og_url":"https:\/\/r-aqua.be\/toepassingen\/woningen\/","og_site_name":"R-AQUA","article_modified_time":"2026-01-05T15:08:01+00:00","twitter_card":"summary_large_image","schema":{"@context":"https:\/\/schema.org","@graph":[{"@type":"WebPage","@id":"https:\/\/r-aqua.be\/toepassingen\/woningen\/","url":"https:\/\/r-aqua.be\/toepassingen\/woningen\/","name":"Maisons - R-AQUA","isPartOf":{"@id":"https:\/\/r-aqua.be\/#website"},"datePublished":"2025-12-02T16:52:29+00:00","dateModified":"2026-01-05T15:08:01+00:00","breadcrumb":{"@id":"https:\/\/r-aqua.be\/toepassingen\/woningen\/#breadcrumb"},"inLanguage":"fr-FR","potentialAction":[{"@type":"ReadAction","target":["https:\/\/r-aqua.be\/toepassingen\/woningen\/"]}]},{"@type":"BreadcrumbList","@id":"https:\/\/r-aqua.be\/toepassingen\/woningen\/#breadcrumb","itemListElement":[{"@type":"ListItem","position":1,"name":"Home","item":"https:\/\/r-aqua.be\/fr\/"},{"@type":"ListItem","position":2,"name":"Applications","item":"https:\/\/r-aqua.be\/toepassingen\/"},{"@type":"ListItem","position":3,"name":"Maisons"}]},{"@type":"WebSite","@id":"https:\/\/r-aqua.be\/#website","url":"https:\/\/r-aqua.be\/","name":"R-AQUA","description":"Airvance Solutions","potentialAction":[{"@type":"SearchAction","target":{"@type":"EntryPoint","urlTemplate":"https:\/\/r-aqua.be\/?s={search_term_string}"},"query-input":{"@type":"PropertyValueSpecification","valueRequired":true,"valueName":"search_term_string"}}],"inLanguage":"fr-FR"}]}},"_links":{"self":[{"href":"https:\/\/r-aqua.be\/fr\/wp-json\/wp\/v2\/pages\/1418","targetHints":{"allow":["GET"]}}],"collection":[{"href":"https:\/\/r-aqua.be\/fr\/wp-json\/wp\/v2\/pages"}],"about":[{"href":"https:\/\/r-aqua.be\/fr\/wp-json\/wp\/v2\/types\/page"}],"author":[{"embeddable":true,"href":"https:\/\/r-aqua.be\/fr\/wp-json\/wp\/v2\/users\/1"}],"replies":[{"embeddable":true,"href":"https:\/\/r-aqua.be\/fr\/wp-json\/wp\/v2\/comments?post=1418"}],"version-history":[{"count":2,"href":"https:\/\/r-aqua.be\/fr\/wp-json\/wp\/v2\/pages\/1418\/revisions"}],"predecessor-version":[{"id":1690,"href":"https:\/\/r-aqua.be\/fr\/wp-json\/wp\/v2\/pages\/1418\/revisions\/1690"}],"up":[{"embeddable":true,"href":"https:\/\/r-aqua.be\/fr\/wp-json\/wp\/v2\/pages\/1414"}],"wp:attachment":[{"href":"https:\/\/r-aqua.be\/fr\/wp-json\/wp\/v2\/media?parent=1418"}],"curies":[{"name":"wp","href":"https:\/\/api.w.org\/{rel}","templated":true}]}}