	{"id":1410,"date":"2025-10-10T08:19:00","date_gmt":"2025-10-10T08:19:00","guid":{"rendered":"https:\/\/r-aqua.be\/produits\/"},"modified":"2025-12-30T00:22:49","modified_gmt":"2025-12-30T00:22:49","slug":"produits","status":"publish","type":"page","link":"https:\/\/r-aqua.be\/fr\/produits\/","title":{"rendered":"Produits"},"content":{"rendered":"<div class=\"et_pb_section_0 et_pb_section et_section_regular et_flex_section\">\n<div class=\"et_pb_row_0 et_pb_row et_flex_row\">\n<div class=\"et_pb_column_0 et_pb_column et-last-child et_flex_column et_pb_css_mix_blend_mode_passthrough et_flex_column_24_24 et_flex_column_24_24_tablet et_flex_column_24_24_phone\">\n<div class=\"et_pb_text_0 et_pb_text et_pb_bg_layout_light et_pb_module et_block_module\"><div class=\"et_pb_text_inner\"><h1><span>R-aqua : la solution parfaite pour chaque application !<\/span><\/h1>\n<\/div><\/div>\n\n<div class=\"et_pb_text_1 et_pb_text et_pb_bg_layout_light et_pb_module et_block_module\"><div class=\"et_pb_text_inner\"><p>Notre gamme polyvalente et innovante s'int\u00e8gre parfaitement dans tout type d'habitation et offre un confort optimal pour le chauffage, l'eau chaude sanitaire et les piscines, avec un impact minimal sur l'environnement et la facture \u00e9nerg\u00e9tique.<\/p>\n<p>D\u00e9couvrez notre gamme R-Aqua et laissez-vous inspirer par nos solutions climatiques intelligentes !<\/p>\n<\/div><\/div>\n<\/div>\n<\/div>\n\n<div class=\"et_pb_row_1 et_pb_row et_flex_row\">\n<div class=\"et_pb_column_1 et_pb_column et-last-child et_flex_column et_pb_css_mix_blend_mode_passthrough et_flex_column_24_24 et_flex_column_24_24_tablet et_flex_column_24_24_phone\">\n<div class=\"et_pb_text_2 et_pb_text et_pb_bg_layout_light et_pb_module et_block_module\"><div class=\"et_pb_text_inner\"><div class='product-grid cat-grid'><div class='product-grid-item'>\t<a href='https:\/\/r-aqua.be\/fr\/product_cat\/pompe-a-chaleur-monobloc\/'><img src='https:\/\/r-aqua.be\/wp-content\/uploads\/sites\/38\/2025\/12\/CWP-M-Lineup-1.png' class='product_fimg' \/><\/a>\t<div class='product-content'>\t\t<a href='https:\/\/r-aqua.be\/fr\/product_cat\/pompe-a-chaleur-monobloc\/'><h4 class='product-title'><i class='fa-light fa-angle-right'><\/i> Pompes \u00e0 chaleur monobloc<\/h4><\/a>\t<\/div><\/div><div class='product-grid-item'>\t<a href='https:\/\/r-aqua.be\/fr\/product_cat\/modules-hydrauliques\/'><img src='https:\/\/r-aqua.be\/wp-content\/uploads\/sites\/38\/2025\/12\/CAT-HYDROMODULES-1.png' class='product_fimg' \/><\/a>\t<div class='product-content'>\t\t<a href='https:\/\/r-aqua.be\/fr\/product_cat\/modules-hydrauliques\/'><h4 class='product-title'><i class='fa-light fa-angle-right'><\/i> Modules hydrauliques<\/h4><\/a>\t<\/div><\/div><div class='product-grid-item'>\t<a href='https:\/\/r-aqua.be\/fr\/product_cat\/boiler-pompe-a-chaleur\/'><img src='https:\/\/r-aqua.be\/wp-content\/uploads\/sites\/38\/2025\/12\/CATEGORIE-HPB-1.png' class='product_fimg' \/><\/a>\t<div class='product-content'>\t\t<a href='https:\/\/r-aqua.be\/fr\/product_cat\/boiler-pompe-a-chaleur\/'><h4 class='product-title'><i class='fa-light fa-angle-right'><\/i> Boiler pompe \u00e0 chaleur<\/h4><\/a>\t<\/div><\/div><div class='product-grid-item'>\t<a href='https:\/\/r-aqua.be\/fr\/product_cat\/pompe-a-chaleur-piscine\/'><img src='https:\/\/r-aqua.be\/wp-content\/uploads\/sites\/38\/2025\/12\/SPHC-FOR-WEB.png' class='product_fimg' \/><\/a>\t<div class='product-content'>\t\t<a href='https:\/\/r-aqua.be\/fr\/product_cat\/pompe-a-chaleur-piscine\/'><h4 class='product-title'><i class='fa-light fa-angle-right'><\/i> Pompe a chaleur piscine<\/h4><\/a>\t<\/div><\/div><div class='product-grid-item'>\t<a href='https:\/\/r-aqua.be\/fr\/product_cat\/boilers\/'><img src='https:\/\/r-aqua.be\/wp-content\/uploads\/sites\/38\/2025\/12\/BOILERS-2.png' class='product_fimg' \/><\/a>\t<div class='product-content'>\t\t<a href='https:\/\/r-aqua.be\/fr\/product_cat\/boilers\/'><h4 class='product-title'><i class='fa-light fa-angle-right'><\/i> Boilers<\/h4><\/a>\t<\/div><\/div><div class='product-grid-item'>\t<a href='https:\/\/r-aqua.be\/fr\/product_cat\/accessoires\/'><img src='https:\/\/r-aqua.be\/wp-content\/uploads\/sites\/38\/2025\/12\/CAT-ACCESS-1.png' class='product_fimg' \/><\/a>\t<div class='product-content'>\t\t<a href='https:\/\/r-aqua.be\/fr\/product_cat\/accessoires\/'><h4 class='product-title'><i class='fa-light fa-angle-right'><\/i> Accessoires<\/h4><\/a>\t<\/div><\/div><\/div>\n<\/div><\/div>\n<\/div>\n<\/div>\n<\/div>\n\n<div class=\"et_pb_section_1 et_pb_section et_section_regular et_flex_section\">\n<div class=\"et_pb_row_2 et_pb_row et_flex_row\">\n<div class=\"et_pb_column_2 et_pb_column et_flex_column et_pb_css_mix_blend_mode_passthrough et_flex_column_12_24 et_flex_column_12_24_tablet et_flex_column_24_24_phone\">\n<div class=\"et_pb_module et_pb_button_module_wrapper et_pb_button_0_wrapper\"><a class=\"et_pb_button_0 et_pb_button et_pb_bg_layout_dark et_pb_module et_block_module\" href=\"\/fr\/contact\/\" data-icon=\"w\">Demandez votre devis gratuit<\/a><\/div>\n<\/div>\n\n<div class=\"et_pb_column_3 et_pb_column et-last-child et_flex_column et_pb_css_mix_blend_mode_passthrough et_flex_column_12_24 et_flex_column_12_24_tablet et_flex_column_24_24_phone\">\n<div class=\"et_pb_module et_pb_button_module_wrapper et_pb_button_1_wrapper\"><a class=\"et_pb_button_1 et_pb_button et_pb_bg_layout_dark et_pb_module et_block_module\" href=\"\/fr\/references\/\" data-icon=\"T\">D\u00e9couvrez nos projets de r\u00e9f\u00e9rence<\/a><\/div>\n<\/div>\n<\/div>\n<\/div>","protected":false},"excerpt":{"rendered":"","protected":false},"author":1,"featured_media":0,"parent":0,"menu_order":0,"comment_status":"closed","ping_status":"closed","template":"","meta":{"_acf_changed":false,"footnotes":""},"class_list":["post-1410","page","type-page","status-publish","hentry"],"acf":[],"yoast_head":"<!-- This site is optimized with the Yoast SEO plugin v27.3 - https:\/\/yoast.com\/product\/yoast-seo-wordpress\/ -->\n<title>Produits - R-AQUA<\/title>\n<meta name=\"robots\" content=\"index, follow, max-snippet:-1, max-image-preview:large, max-video-preview:-1\" \/>\n<link rel=\"canonical\" href=\"https:\/\/r-aqua.be\/fr\/produits\/\" \/>\n<meta property=\"og:locale\" content=\"fr_FR\" \/>\n<meta property=\"og:type\" content=\"article\" \/>\n<meta property=\"og:title\" content=\"Produits - R-AQUA\" \/>\n<meta property=\"og:url\" content=\"https:\/\/r-aqua.be\/fr\/produits\/\" \/>\n<meta property=\"og:site_name\" content=\"R-AQUA\" \/>\n<meta property=\"article:modified_time\" content=\"2025-12-30T00:22:49+00:00\" \/>\n<meta name=\"twitter:card\" content=\"summary_large_image\" \/>\n<script type=\"application\/ld+json\" class=\"yoast-schema-graph\">{\"@context\":\"https:\\\/\\\/schema.org\",\"@graph\":[{\"@type\":\"WebPage\",\"@id\":\"https:\\\/\\\/r-aqua.be\\\/fr\\\/produits\\\/\",\"url\":\"https:\\\/\\\/r-aqua.be\\\/fr\\\/produits\\\/\",\"name\":\"Produits - R-AQUA\",\"isPartOf\":{\"@id\":\"https:\\\/\\\/r-aqua.be\\\/#website\"},\"datePublished\":\"2025-10-10T08:19:00+00:00\",\"dateModified\":\"2025-12-30T00:22:49+00:00\",\"breadcrumb\":{\"@id\":\"https:\\\/\\\/r-aqua.be\\\/fr\\\/produits\\\/#breadcrumb\"},\"inLanguage\":\"fr-FR\",\"potentialAction\":[{\"@type\":\"ReadAction\",\"target\":[\"https:\\\/\\\/r-aqua.be\\\/fr\\\/produits\\\/\"]}]},{\"@type\":\"BreadcrumbList\",\"@id\":\"https:\\\/\\\/r-aqua.be\\\/fr\\\/produits\\\/#breadcrumb\",\"itemListElement\":[{\"@type\":\"ListItem\",\"position\":1,\"name\":\"Home\",\"item\":\"https:\\\/\\\/r-aqua.be\\\/fr\\\/\"},{\"@type\":\"ListItem\",\"position\":2,\"name\":\"Produits\"}]},{\"@type\":\"WebSite\",\"@id\":\"https:\\\/\\\/r-aqua.be\\\/#website\",\"url\":\"https:\\\/\\\/r-aqua.be\\\/\",\"name\":\"R-AQUA\",\"description\":\"Airvance Solutions\",\"potentialAction\":[{\"@type\":\"SearchAction\",\"target\":{\"@type\":\"EntryPoint\",\"urlTemplate\":\"https:\\\/\\\/r-aqua.be\\\/?s={search_term_string}\"},\"query-input\":{\"@type\":\"PropertyValueSpecification\",\"valueRequired\":true,\"valueName\":\"search_term_string\"}}],\"inLanguage\":\"fr-FR\"}]}<\/script>\n<!-- \/ Yoast SEO plugin. -->","yoast_head_json":{"title":"Produits - R-AQUA","robots":{"index":"index","follow":"follow","max-snippet":"max-snippet:-1","max-image-preview":"max-image-preview:large","max-video-preview":"max-video-preview:-1"},"canonical":"https:\/\/r-aqua.be\/fr\/produits\/","og_locale":"fr_FR","og_type":"article","og_title":"Produits - R-AQUA","og_url":"https:\/\/r-aqua.be\/fr\/produits\/","og_site_name":"R-AQUA","article_modified_time":"2025-12-30T00:22:49+00:00","twitter_card":"summary_large_image","schema":{"@context":"https:\/\/schema.org","@graph":[{"@type":"WebPage","@id":"https:\/\/r-aqua.be\/fr\/produits\/","url":"https:\/\/r-aqua.be\/fr\/produits\/","name":"Produits - R-AQUA","isPartOf":{"@id":"https:\/\/r-aqua.be\/#website"},"datePublished":"2025-10-10T08:19:00+00:00","dateModified":"2025-12-30T00:22:49+00:00","breadcrumb":{"@id":"https:\/\/r-aqua.be\/fr\/produits\/#breadcrumb"},"inLanguage":"fr-FR","potentialAction":[{"@type":"ReadAction","target":["https:\/\/r-aqua.be\/fr\/produits\/"]}]},{"@type":"BreadcrumbList","@id":"https:\/\/r-aqua.be\/fr\/produits\/#breadcrumb","itemListElement":[{"@type":"ListItem","position":1,"name":"Home","item":"https:\/\/r-aqua.be\/fr\/"},{"@type":"ListItem","position":2,"name":"Produits"}]},{"@type":"WebSite","@id":"https:\/\/r-aqua.be\/#website","url":"https:\/\/r-aqua.be\/","name":"R-AQUA","description":"Airvance Solutions","potentialAction":[{"@type":"SearchAction","target":{"@type":"EntryPoint","urlTemplate":"https:\/\/r-aqua.be\/?s={search_term_string}"},"query-input":{"@type":"PropertyValueSpecification","valueRequired":true,"valueName":"search_term_string"}}],"inLanguage":"fr-FR"}]}},"_links":{"self":[{"href":"https:\/\/r-aqua.be\/fr\/wp-json\/wp\/v2\/pages\/1410","targetHints":{"allow":["GET"]}}],"collection":[{"href":"https:\/\/r-aqua.be\/fr\/wp-json\/wp\/v2\/pages"}],"about":[{"href":"https:\/\/r-aqua.be\/fr\/wp-json\/wp\/v2\/types\/page"}],"author":[{"embeddable":true,"href":"https:\/\/r-aqua.be\/fr\/wp-json\/wp\/v2\/users\/1"}],"replies":[{"embeddable":true,"href":"https:\/\/r-aqua.be\/fr\/wp-json\/wp\/v2\/comments?post=1410"}],"version-history":[{"count":3,"href":"https:\/\/r-aqua.be\/fr\/wp-json\/wp\/v2\/pages\/1410\/revisions"}],"predecessor-version":[{"id":1423,"href":"https:\/\/r-aqua.be\/fr\/wp-json\/wp\/v2\/pages\/1410\/revisions\/1423"}],"wp:attachment":[{"href":"https:\/\/r-aqua.be\/fr\/wp-json\/wp\/v2\/media?parent=1410"}],"curies":[{"name":"wp","href":"https:\/\/api.w.org\/{rel}","templated":true}]}}