	{"id":1408,"date":"2025-12-02T16:31:19","date_gmt":"2025-12-02T16:31:19","guid":{"rendered":"https:\/\/r-aqua.be\/faq\/"},"modified":"2026-01-04T23:43:22","modified_gmt":"2026-01-04T23:43:22","slug":"faq","status":"publish","type":"page","link":"https:\/\/r-aqua.be\/fr\/faq\/","title":{"rendered":"FAQ"},"content":{"rendered":"<div class=\"et_pb_section_0 et_pb_section et_section_regular et_flex_section\">\n<div class=\"et_pb_row_0 et_pb_row et_flex_row\">\n<div class=\"et_pb_column_0 et_pb_column et-last-child et_flex_column et_pb_css_mix_blend_mode_passthrough et_flex_column_24_24 et_flex_column_24_24_tablet et_flex_column_24_24_phone\">\n<div class=\"et_pb_text_0 et_pb_text et_pb_bg_layout_light et_pb_module et_block_module\"><div class=\"et_pb_text_inner\"><h1>Questions fr\u00e9quemment pos\u00e9es<\/h1>\n<\/div><\/div>\n<\/div>\n<\/div>\n\n<div class=\"et_pb_row_1 et_pb_row et_flex_row\">\n<div class=\"et_pb_column_1 et_pb_column et_flex_column et_pb_css_mix_blend_mode_passthrough et_flex_column_12_24 et_flex_column_12_24_tablet et_flex_column_24_24_phone\">\n<div class=\"et_pb_text_1 et_pb_text et_pb_bg_layout_light et_pb_module et_block_module\"><div class=\"et_pb_text_inner\"><h3>Pompes \u00e0 chaleur air-eau<\/h3>\n<\/div><\/div>\n\n<div class=\"et_pb_toggle_0 et_pb_toggle et_pb_toggle_item et_pb_toggle_close et_pb_module et_flex_module\"><h4 class=\"et_pb_toggle_title\">Qu'est-ce qu'une pompe \u00e0 chaleur air-eau et comment fonctionne-t-elle ?<\/h4><div class=\"et_pb_toggle_content clearfix et_flex_module\"><p>Une pompe \u00e0 chaleur air-eau est un syst\u00e8me \u00e9conome en \u00e9nergie qui extrait la chaleur de l'air ext\u00e9rieur et la transf\u00e8re \u00e0 l'eau de votre syst\u00e8me de chauffage. Cette eau chauff\u00e9e est ensuite utilis\u00e9e dans votre syst\u00e8me de chauffage ou pour votre eau chaude sanitaire. M\u00eame \u00e0 basse temp\u00e9rature, l'air ext\u00e9rieur contient de la chaleur qui peut \u00eatre exploit\u00e9e par la pompe \u00e0 chaleur.  <\/p>\n<p>Les pompes \u00e0 chaleur R-AQUA ont \u00e9t\u00e9 sp\u00e9cialement con\u00e7ues pour offrir des performances optimales dans diverses applications. Gr\u00e2ce \u00e0 leur rendement exceptionnellement \u00e9lev\u00e9, elles tirent jusqu'\u00e0 75 % de leur \u00e9nergie de l'air ext\u00e9rieur. Elles fonctionnent avec des r\u00e9frig\u00e9rants respectueux de l'environnement et restent efficaces \u00e0 des temp\u00e9ratures ext\u00e9rieures allant jusqu'\u00e0 -20 \u00b0C.  <\/p>\n<\/div><\/div>\n\n<div class=\"et_pb_toggle_1 et_pb_toggle et_pb_toggle_item et_pb_toggle_close et_pb_module et_flex_module\"><h4 class=\"et_pb_toggle_title\">Comment mesure-t-on l'efficacit\u00e9 d'une pompe \u00e0 chaleur ?<\/h4><div class=\"et_pb_toggle_content clearfix et_flex_module\"><p class=\"MuiBox-root css-u93psu\">L'efficacit\u00e9 \u00e9nerg\u00e9tique d'une pompe \u00e0 chaleur est g\u00e9n\u00e9ralement mesur\u00e9e \u00e0 l'aide de deux valeurs importantes :<\/p>\n<p class=\"MuiBox-root css-u93psu\"><strong>COP (Coefficient de performance)<\/strong><\/p>\n<p class=\"MuiBox-root css-u93psu\">Il s'agit du coefficient de performance pour le chauffage. Un COP \u00e9lev\u00e9 (g\u00e9n\u00e9ralement sup\u00e9rieur ou \u00e9gal \u00e0 3) indique que la pompe \u00e0 chaleur est tr\u00e8s efficace et produit plus d'\u00e9nergie thermique que l'\u00e9nergie \u00e9lectrique consomm\u00e9e. Les pompes \u00e0 chaleur R-AQUA atteignent un COP allant jusqu'\u00e0 5,4, ce qui signifie que pour chaque kilowattheure d'\u00e9lectricit\u00e9, vous r\u00e9cup\u00e9rez pas moins de 5,4 fois plus d'\u00e9nergie sous forme de chaleur.  <\/p>\n<p class=\"MuiBox-root css-u93psu\"><strong>SCOP (coefficient de performance saisonnier)<\/strong><\/p>\n<p class=\"MuiBox-root css-u93psu\">Il s'agit du rendement saisonnier qui tient compte des performances sur l'ensemble d'une saison de chauffage. Cette valeur donne une image plus r\u00e9aliste de la consommation annuelle. Les pompes \u00e0 chaleur R-AQUA obtiennent d'excellents r\u00e9sultats dans ce domaine, avec des valeurs pouvant atteindre 5,04.  <\/p>\n<\/div><\/div>\n\n<div class=\"et_pb_toggle_2 et_pb_toggle et_pb_toggle_item et_pb_toggle_close et_pb_module et_flex_module\"><h4 class=\"et_pb_toggle_title\">Quelle est la dur\u00e9e de vie typique d'une pompe \u00e0 chaleur et quels sont ses besoins en mati\u00e8re d'entretien ?<\/h4><div class=\"et_pb_toggle_content clearfix et_flex_module\"><p class=\"MuiBox-root css-u93psu\">La dur\u00e9e de vie typique d'une pompe \u00e0 chaleur est d'environ 15 \u00e0 20 ans, selon le mod\u00e8le et l'utilisation. Pour garantir un fonctionnement optimal, un entretien r\u00e9gulier est n\u00e9cessaire : <\/p>\n<p class=\"MuiBox-root css-u93psu\"><strong>L'entretien annuel comprend :<\/strong><\/p>\n<div class=\"MuiBox-root css-pb69ky\">\n<div class=\"MuiBox-root css-9djtwn\">\n<div class=\"MuiBox-root css-1swwmro\">Nettoyage des filtres \u00e0 eau<\/div>\n<\/div>\n<\/div>\n<div class=\"MuiBox-root css-pb69ky\">\n<div class=\"MuiBox-root css-9djtwn\">\n<div class=\"MuiBox-root css-1swwmro\">Contr\u00f4le des composants \u00e9lectriques<\/div>\n<\/div>\n<\/div>\n<div class=\"MuiBox-root css-pb69ky\">\n<div class=\"MuiBox-root css-9djtwn\">\n<div class=\"MuiBox-root css-1swwmro\">Inspecter les fuites de r\u00e9frig\u00e9rant<\/div>\n<\/div>\n<\/div>\n<div class=\"MuiBox-root css-pb69ky\">\n<div class=\"MuiBox-root css-9djtwn\">\n<div class=\"MuiBox-root css-1swwmro\">Contr\u00f4le du syst\u00e8me d'\u00e9vacuation<\/div>\n<\/div>\n<\/div>\n<div class=\"MuiBox-root css-pb69ky\">\n<div class=\"MuiBox-root css-9djtwn\">\n<div class=\"MuiBox-root css-1swwmro\">Contr\u00f4le de la pression dans le circuit de chauffage<\/div>\n<\/div>\n<\/div>\n<p class=\"MuiBox-root css-u93psu\">Un entretien annuel par un professionnel peut prolonger la dur\u00e9e de vie de l'\u00e9quipement et garantir son efficacit\u00e9. R-AQUA offre une garantie de 5 ans sur tous ses appareils, ce qui souligne notre confiance dans leur qualit\u00e9 et leur durabilit\u00e9. <\/p>\n<\/div><\/div>\n<\/div>\n\n<div class=\"et_pb_column_2 et_pb_column et-last-child et_flex_column et_pb_css_mix_blend_mode_passthrough et_flex_column_12_24 et_flex_column_12_24_tablet et_flex_column_24_24_phone\">\n<div class=\"et_pb_text_2 et_pb_text et_pb_bg_layout_light et_pb_module et_block_module\"><div class=\"et_pb_text_inner\"><h3>Fonctionnement &amp; installation<\/h3>\n<\/div><\/div>\n\n<div class=\"et_pb_toggle_3 et_pb_toggle et_pb_toggle_item et_pb_toggle_close et_pb_module et_flex_module\"><h4 class=\"et_pb_toggle_title\">Les pompes \u00e0 chaleur fonctionnent-elles \u00e9galement lorsque les temp\u00e9ratures sont n\u00e9gatives ?<\/h4><div class=\"et_pb_toggle_content clearfix et_flex_module\"><p class=\"MuiBox-root css-u93psu\">Absolument ! Les pompes \u00e0 chaleur air-eau R-AQUA continuent de fonctionner efficacement jusqu'\u00e0 une temp\u00e9rature ext\u00e9rieure de -20 \u00b0C. M\u00eame pendant les hivers rigoureux, vous b\u00e9n\u00e9ficiez d'un confort fiable. \u00c0 des temp\u00e9ratures extr\u00eamement basses, l'efficacit\u00e9 peut l\u00e9g\u00e8rement diminuer, mais la pompe \u00e0 chaleur continue de fonctionner et de chauffer votre maison.   <\/p>\n<p class=\"MuiBox-root css-u93psu\">La large plage de fonctionnement, comprise entre -25 \u00b0C et +45 \u00b0C, vous garantit un confort optimal, quelles que soient les conditions m\u00e9t\u00e9orologiques.<\/p>\n<\/div><\/div>\n\n<div class=\"et_pb_toggle_4 et_pb_toggle et_pb_toggle_item et_pb_toggle_close et_pb_module et_flex_module\"><h4 class=\"et_pb_toggle_title\">Puis-je combiner une pompe \u00e0 chaleur R-AQUA avec mon syst\u00e8me de chauffage existant ?<\/h4><div class=\"et_pb_toggle_content clearfix et_flex_module\"><p class=\"MuiBox-root css-u93psu\">Oui, les pompes \u00e0 chaleur R-AQUA sont compatibles avec diff\u00e9rents syst\u00e8mes de chauffage :<\/p>\n<div class=\"MuiBox-root css-pb69ky\">\n<div class=\"MuiBox-root css-9djtwn\">\n<div class=\"MuiBox-root css-1swwmro\"><strong>Radiateurs<\/strong> : temp\u00e9rature de l'eau pouvant atteindre 55 \u00b0C<\/div>\n<\/div>\n<\/div>\n<div class=\"MuiBox-root css-pb69ky\">\n<div class=\"MuiBox-root css-9djtwn\">\n<div class=\"MuiBox-root css-1swwmro\"><strong>Chauffage au sol<\/strong> : id\u00e9al avec des temp\u00e9ratures d'eau avoisinant les 35 \u00b0C<\/div>\n<\/div>\n<\/div>\n<div class=\"MuiBox-root css-pb69ky\">\n<div class=\"MuiBox-root css-9djtwn\">\n<div class=\"MuiBox-root css-1swwmro\"><strong>Ventilo-convecteurs<\/strong> : parfaits pour un chauffage rapide<\/div>\n<\/div>\n<\/div>\n<div class=\"MuiBox-root css-pb69ky\">\n<div class=\"MuiBox-root css-9djtwn\">\n<div class=\"MuiBox-root css-1swwmro\"><strong>Chaudi\u00e8re existante<\/strong> : fonctionnement bivalent possible<\/div>\n<\/div>\n<\/div>\n<p class=\"MuiBox-root css-u93psu\">Un installateur agr\u00e9\u00e9 se fera un plaisir d'examiner les possibilit\u00e9s adapt\u00e9es \u00e0 votre situation sp\u00e9cifique et vous conseillera sur la meilleure configuration.<\/p>\n<\/div><\/div>\n\n<div class=\"et_pb_toggle_5 et_pb_toggle et_pb_toggle_item et_pb_toggle_close et_pb_module et_flex_module\"><h4 class=\"et_pb_toggle_title\">Ma maison est-elle adapt\u00e9e \u00e0 une pompe \u00e0 chaleur ?<\/h4><div class=\"et_pb_toggle_content clearfix et_flex_module\"><p class=\"MuiBox-root css-u93psu\">Presque toutes les habitations peuvent \u00eatre \u00e9quip\u00e9es d'une pompe \u00e0 chaleur R-AQUA ! Qu'il s'agisse d'une nouvelle construction, d'une r\u00e9novation ou d'un appartement : <\/p>\n<p class=\"MuiBox-root css-u93psu\"><strong>Nouvelle construction<\/strong> : parfait ! Les pompes \u00e0 chaleur r\u00e9pondent sans difficult\u00e9 \u00e0 toutes les normes \u00e9nerg\u00e9tiques. <\/p>\n<p class=\"MuiBox-root css-u93psu\"><strong>R\u00e9novation <\/strong>: les pompes \u00e0 chaleur constituent \u00e9galement un excellent choix pour les r\u00e9novations. Elles peuvent \u00eatre combin\u00e9es avec des radiateurs existants ou un chauffage par le sol. <\/p>\n<p class=\"MuiBox-root css-u93psu\"><strong>Appartement <\/strong>: gr\u00e2ce \u00e0 leurs dimensions compactes et leur fonctionnement silencieux, les pompes \u00e0 chaleur R-AQUA conviennent \u00e9galement aux appartements.<\/p>\n<p class=\"MuiBox-root css-u93psu\">Un installateur agr\u00e9\u00e9 se fera un plaisir de vous rendre visite pour vous fournir des conseils personnalis\u00e9s gratuits.<\/p>\n<\/div><\/div>\n\n<div class=\"et_pb_text_3 et_pb_text et_pb_bg_layout_light et_pb_module et_block_module\"><div class=\"et_pb_text_inner\"><h3>Co\u00fbts &amp; \u00e9conomies<\/h3>\n<\/div><\/div>\n\n<div class=\"et_pb_toggle_6 et_pb_toggle et_pb_toggle_item et_pb_toggle_close et_pb_module et_flex_module\"><h4 class=\"et_pb_toggle_title\">Combien co\u00fbte une pompe \u00e0 chaleur R-AQUA ?<\/h4><div class=\"et_pb_toggle_content clearfix et_flex_module\"><p class=\"MuiBox-root css-u93psu\">L'investissement pour une pompe \u00e0 chaleur R-AQUA d\u00e9pend de plusieurs facteurs :<\/p>\n<div class=\"MuiBox-root css-pb69ky\">\n<div class=\"MuiBox-root css-9djtwn\">\n<div class=\"MuiBox-root css-1swwmro\">Type de syst\u00e8me (monobloc ou split)<\/div>\n<\/div>\n<\/div>\n<div class=\"MuiBox-root css-pb69ky\">\n<div class=\"MuiBox-root css-9djtwn\">\n<div class=\"MuiBox-root css-1swwmro\">Puissance (6 \u00e0 16 kW)<\/div>\n<\/div>\n<\/div>\n<div class=\"MuiBox-root css-pb69ky\">\n<div class=\"MuiBox-root css-9djtwn\">\n<div class=\"MuiBox-root css-1swwmro\">Options suppl\u00e9mentaires \u00e9ventuelles (chaudi\u00e8re, r\u00e9servoir tampon, etc.)<\/div>\n<\/div>\n<\/div>\n<div class=\"MuiBox-root css-pb69ky\">\n<div class=\"MuiBox-root css-9djtwn\">\n<div class=\"MuiBox-root css-1swwmro\">Installation et mise en service<\/div>\n<\/div>\n<\/div>\n<p class=\"MuiBox-root css-u93psu\">Pour obtenir un devis personnalis\u00e9 adapt\u00e9 \u00e0 votre situation, nous vous invitons \u00e0 contacter l'un de nos installateurs agr\u00e9\u00e9s. Ils vous \u00e9tabliront un devis gratuit, installation comprise. <\/p>\n<p class=\"MuiBox-root css-u93psu\">N'oubliez pas que vous pouvez peut-\u00eatre b\u00e9n\u00e9ficier de subventions publiques, ce qui peut r\u00e9duire consid\u00e9rablement votre investissement !<\/p>\n<\/div><\/div>\n\n<div class=\"et_pb_toggle_7 et_pb_toggle et_pb_toggle_item et_pb_toggle_close et_pb_module et_flex_module\"><h4 class=\"et_pb_toggle_title\">Combien est-ce que je peux \u00e9conomiser avec une pompe \u00e0 chaleur R-AQUA ?<\/h4><div class=\"et_pb_toggle_content clearfix et_flex_module\"><p class=\"MuiBox-root css-u93psu\">Avec une pompe \u00e0 chaleur R-AQUA, vous \u00e9conomisez jusqu'\u00e0 75 % sur vos co\u00fbts \u00e9nerg\u00e9tiques par rapport aux syst\u00e8mes de chauffage traditionnels tels que le chauffage \u00e9lectrique ou les anciennes chaudi\u00e8res au mazout.<\/p>\n<p class=\"MuiBox-root css-u93psu\"><strong>Exemple de calcul :<\/strong><\/p>\n<div class=\"MuiBox-root css-pb69ky\">\n<div class=\"MuiBox-root css-9djtwn\">\n<div class=\"MuiBox-root css-1swwmro\">Chauffage \u00e9lectrique traditionnel : 100 % \u00e9lectrique<\/div>\n<\/div>\n<\/div>\n<div class=\"MuiBox-root css-pb69ky\">\n<div class=\"MuiBox-root css-9djtwn\">\n<div class=\"MuiBox-root css-1swwmro\">Pompe \u00e0 chaleur R-AQUA avec COP 5 : seulement 20 % d'\u00e9lectricit\u00e9, 80 % gratuit provenant de l'air<\/div>\n<\/div>\n<\/div>\n<p class=\"MuiBox-root css-u93psu\">Cela repr\u00e9sente une \u00e9conomie d'environ 80 % sur vos frais de chauffage !<\/p>\n<p class=\"MuiBox-root css-u93psu\">Les \u00e9conomies exactes d\u00e9pendent :<\/p>\n<div class=\"MuiBox-root css-pb69ky\">\n<div class=\"MuiBox-root css-9djtwn\">\n<div class=\"MuiBox-root css-1swwmro\">Votre syst\u00e8me de chauffage actuel<\/div>\n<\/div>\n<\/div>\n<div class=\"MuiBox-root css-pb69ky\">\n<div class=\"MuiBox-root css-9djtwn\">\n<div class=\"MuiBox-root css-1swwmro\">L'isolation de votre habitation<\/div>\n<\/div>\n<\/div>\n<div class=\"MuiBox-root css-pb69ky\">\n<div class=\"MuiBox-root css-9djtwn\">\n<div class=\"MuiBox-root css-1swwmro\">Votre comportement en mati\u00e8re de chauffage<\/div>\n<\/div>\n<\/div>\n<div class=\"MuiBox-root css-pb69ky\">\n<div class=\"MuiBox-root css-9djtwn\">\n<div class=\"MuiBox-root css-1swwmro\">Les temp\u00e9ratures ext\u00e9rieures<\/div>\n<\/div>\n<\/div>\n<p class=\"MuiBox-root css-u93psu\">Un installateur agr\u00e9\u00e9 peut effectuer un calcul personnalis\u00e9 pour votre situation.<\/p>\n<\/div><\/div>\n<\/div>\n<\/div>\n<\/div>","protected":false},"excerpt":{"rendered":"","protected":false},"author":1,"featured_media":0,"parent":0,"menu_order":0,"comment_status":"closed","ping_status":"closed","template":"","meta":{"_acf_changed":false,"footnotes":""},"class_list":["post-1408","page","type-page","status-publish","hentry"],"acf":[],"yoast_head":"<!-- This site is optimized with the Yoast SEO plugin v27.3 - https:\/\/yoast.com\/product\/yoast-seo-wordpress\/ -->\n<title>FAQ - R-AQUA<\/title>\n<meta name=\"robots\" content=\"index, follow, max-snippet:-1, max-image-preview:large, max-video-preview:-1\" \/>\n<link rel=\"canonical\" href=\"https:\/\/r-aqua.be\/faq\/\" \/>\n<meta property=\"og:locale\" content=\"fr_FR\" \/>\n<meta property=\"og:type\" content=\"article\" \/>\n<meta property=\"og:title\" content=\"FAQ - R-AQUA\" \/>\n<meta property=\"og:url\" content=\"https:\/\/r-aqua.be\/faq\/\" \/>\n<meta property=\"og:site_name\" content=\"R-AQUA\" \/>\n<meta property=\"article:modified_time\" content=\"2026-01-04T23:43:22+00:00\" \/>\n<meta name=\"twitter:card\" content=\"summary_large_image\" \/>\n<script type=\"application\/ld+json\" class=\"yoast-schema-graph\">{\"@context\":\"https:\\\/\\\/schema.org\",\"@graph\":[{\"@type\":\"WebPage\",\"@id\":\"https:\\\/\\\/r-aqua.be\\\/faq\\\/\",\"url\":\"https:\\\/\\\/r-aqua.be\\\/faq\\\/\",\"name\":\"FAQ - R-AQUA\",\"isPartOf\":{\"@id\":\"https:\\\/\\\/r-aqua.be\\\/#website\"},\"datePublished\":\"2025-12-02T16:31:19+00:00\",\"dateModified\":\"2026-01-04T23:43:22+00:00\",\"breadcrumb\":{\"@id\":\"https:\\\/\\\/r-aqua.be\\\/faq\\\/#breadcrumb\"},\"inLanguage\":\"fr-FR\",\"potentialAction\":[{\"@type\":\"ReadAction\",\"target\":[\"https:\\\/\\\/r-aqua.be\\\/faq\\\/\"]}]},{\"@type\":\"BreadcrumbList\",\"@id\":\"https:\\\/\\\/r-aqua.be\\\/faq\\\/#breadcrumb\",\"itemListElement\":[{\"@type\":\"ListItem\",\"position\":1,\"name\":\"Home\",\"item\":\"https:\\\/\\\/r-aqua.be\\\/fr\\\/\"},{\"@type\":\"ListItem\",\"position\":2,\"name\":\"FAQ\"}]},{\"@type\":\"WebSite\",\"@id\":\"https:\\\/\\\/r-aqua.be\\\/#website\",\"url\":\"https:\\\/\\\/r-aqua.be\\\/\",\"name\":\"R-AQUA\",\"description\":\"Airvance Solutions\",\"potentialAction\":[{\"@type\":\"SearchAction\",\"target\":{\"@type\":\"EntryPoint\",\"urlTemplate\":\"https:\\\/\\\/r-aqua.be\\\/?s={search_term_string}\"},\"query-input\":{\"@type\":\"PropertyValueSpecification\",\"valueRequired\":true,\"valueName\":\"search_term_string\"}}],\"inLanguage\":\"fr-FR\"}]}<\/script>\n<!-- \/ Yoast SEO plugin. -->","yoast_head_json":{"title":"FAQ - R-AQUA","robots":{"index":"index","follow":"follow","max-snippet":"max-snippet:-1","max-image-preview":"max-image-preview:large","max-video-preview":"max-video-preview:-1"},"canonical":"https:\/\/r-aqua.be\/faq\/","og_locale":"fr_FR","og_type":"article","og_title":"FAQ - R-AQUA","og_url":"https:\/\/r-aqua.be\/faq\/","og_site_name":"R-AQUA","article_modified_time":"2026-01-04T23:43:22+00:00","twitter_card":"summary_large_image","schema":{"@context":"https:\/\/schema.org","@graph":[{"@type":"WebPage","@id":"https:\/\/r-aqua.be\/faq\/","url":"https:\/\/r-aqua.be\/faq\/","name":"FAQ - R-AQUA","isPartOf":{"@id":"https:\/\/r-aqua.be\/#website"},"datePublished":"2025-12-02T16:31:19+00:00","dateModified":"2026-01-04T23:43:22+00:00","breadcrumb":{"@id":"https:\/\/r-aqua.be\/faq\/#breadcrumb"},"inLanguage":"fr-FR","potentialAction":[{"@type":"ReadAction","target":["https:\/\/r-aqua.be\/faq\/"]}]},{"@type":"BreadcrumbList","@id":"https:\/\/r-aqua.be\/faq\/#breadcrumb","itemListElement":[{"@type":"ListItem","position":1,"name":"Home","item":"https:\/\/r-aqua.be\/fr\/"},{"@type":"ListItem","position":2,"name":"FAQ"}]},{"@type":"WebSite","@id":"https:\/\/r-aqua.be\/#website","url":"https:\/\/r-aqua.be\/","name":"R-AQUA","description":"Airvance Solutions","potentialAction":[{"@type":"SearchAction","target":{"@type":"EntryPoint","urlTemplate":"https:\/\/r-aqua.be\/?s={search_term_string}"},"query-input":{"@type":"PropertyValueSpecification","valueRequired":true,"valueName":"search_term_string"}}],"inLanguage":"fr-FR"}]}},"_links":{"self":[{"href":"https:\/\/r-aqua.be\/fr\/wp-json\/wp\/v2\/pages\/1408","targetHints":{"allow":["GET"]}}],"collection":[{"href":"https:\/\/r-aqua.be\/fr\/wp-json\/wp\/v2\/pages"}],"about":[{"href":"https:\/\/r-aqua.be\/fr\/wp-json\/wp\/v2\/types\/page"}],"author":[{"embeddable":true,"href":"https:\/\/r-aqua.be\/fr\/wp-json\/wp\/v2\/users\/1"}],"replies":[{"embeddable":true,"href":"https:\/\/r-aqua.be\/fr\/wp-json\/wp\/v2\/comments?post=1408"}],"version-history":[{"count":5,"href":"https:\/\/r-aqua.be\/fr\/wp-json\/wp\/v2\/pages\/1408\/revisions"}],"predecessor-version":[{"id":1670,"href":"https:\/\/r-aqua.be\/fr\/wp-json\/wp\/v2\/pages\/1408\/revisions\/1670"}],"wp:attachment":[{"href":"https:\/\/r-aqua.be\/fr\/wp-json\/wp\/v2\/media?parent=1408"}],"curies":[{"name":"wp","href":"https:\/\/api.w.org\/{rel}","templated":true}]}}